{"id":1145,"date":"2025-11-07T20:30:26","date_gmt":"2025-11-08T02:30:26","guid":{"rendered":"https:\/\/maratonesyviajes.com\/maratones\/?page_id=1145"},"modified":"2026-01-15T09:41:38","modified_gmt":"2026-01-15T15:41:38","slug":"capetown","status":"publish","type":"page","link":"https:\/\/maratonesyviajes.com\/maratones\/capetown\/","title":{"rendered":"SANLAM CAPETOWN MARATHON 2026"},"content":{"rendered":"\n<p>La Sanlam Cape Town Marathon, realizada en la ciudad de Cape Town (Sud\u00e1frica), vive un momento clave: no exactamente su primer a\u00f1o, pero s\u00ed su a\u00f1o como candidata para convertirse en un \u201cmajor\u201d (es decir, en una de las maratones de \u00e9lite a nivel mundial). A continuaci\u00f3n, te resumo su relevancia, lo que logr\u00f3 y los retos que tiene por delante.<\/p>\n\n\n\n<figure class=\"wp-block-image size-large\"><img data-recalc-dims=\"1\" fetchpriority=\"high\" decoding=\"async\" width=\"750\" height=\"359\" src=\"https:\/\/i0.wp.com\/maratonesyviajes.com\/maratones\/wp-content\/uploads\/2025\/12\/CapeTownMarathonLogo-cmyk-on-solid.png?resize=750%2C359&#038;ssl=1\" alt=\"\" class=\"wp-image-1158\" srcset=\"https:\/\/i0.wp.com\/maratonesyviajes.com\/maratones\/wp-content\/uploads\/2025\/12\/CapeTownMarathonLogo-cmyk-on-solid.png?resize=1024%2C490&amp;ssl=1 1024w, https:\/\/i0.wp.com\/maratonesyviajes.com\/maratones\/wp-content\/uploads\/2025\/12\/CapeTownMarathonLogo-cmyk-on-solid.png?resize=300%2C143&amp;ssl=1 300w, https:\/\/i0.wp.com\/maratonesyviajes.com\/maratones\/wp-content\/uploads\/2025\/12\/CapeTownMarathonLogo-cmyk-on-solid.png?resize=768%2C367&amp;ssl=1 768w, https:\/\/i0.wp.com\/maratonesyviajes.com\/maratones\/wp-content\/uploads\/2025\/12\/CapeTownMarathonLogo-cmyk-on-solid.png?resize=1110%2C530&amp;ssl=1 1110w, https:\/\/i0.wp.com\/maratonesyviajes.com\/maratones\/wp-content\/uploads\/2025\/12\/CapeTownMarathonLogo-cmyk-on-solid.png?resize=730%2C350&amp;ssl=1 730w, https:\/\/i0.wp.com\/maratonesyviajes.com\/maratones\/wp-content\/uploads\/2025\/12\/CapeTownMarathonLogo-cmyk-on-solid.png?w=1207&amp;ssl=1 1207w\" sizes=\"(max-width: 750px) 100vw, 750px\" \/><\/figure>\n\n\n\n<blockquote class=\"wp-block-quote is-layout-flow wp-block-quote-is-layout-flow\">\n<p class=\"has-text-align-center\"><strong><em>PAQUETE INCLUYE:<\/em><\/strong><\/p>\n<\/blockquote>\n\n\n\n<ul class=\"wp-block-list\">\n<li>Inscripci\u00f3n Garantizada.<\/li>\n\n\n\n<li>Traslado Privado Aeropuerto -Hotel &#8211; Aeropuerto, en las fechas contratadas con nosotros.<\/li>\n\n\n\n<li>6 noches de alojamiento<\/li>\n\n\n\n<li>Desayunos diarios, excepto el d\u00eda de llegada.<\/li>\n\n\n\n<li>Excursi\u00f3n de un d\u00eda completo a Cape Point<\/li>\n\n\n\n<li>Wi-Fi gratuito<\/li>\n\n\n\n<li>C\u00f3ctel de bienvenida<\/li>\n\n\n\n<li>Reuni\u00f3n informativa sobre la carrera<\/li>\n\n\n\n<li>Visita tur\u00edstica de medio d\u00eda con parada en la Expo<\/li>\n\n\n\n<li>Cena previa a la carrera<\/li>\n\n\n\n<li>Caminata acompa\u00f1ada\/traslado al inicio de la carrera para los participantes del marat\u00f3n<\/li>\n\n\n\n<li>Servicio de transporte el d\u00eda de la carrera desde la meta hasta el hotel para corredores y acompa\u00f1antes.<\/li>\n\n\n\n<li>Fiesta en la playa despu\u00e9s de la carrera, organizado por Marathon Tours&amp;Travel<\/li>\n\n\n\n<li>Todos los impuestos tur\u00edsticos\/IVA y propinas del gu\u00eda tur\u00edstico est\u00e1n incluidos.<\/li>\n\n\n\n<li>Tarjeta de Asistencia Tur\u00edstica de Universal Assistance, durante su viaje con nosotros<\/li>\n<\/ul>\n\n\n\n<figure class=\"wp-block-image size-large\"><img data-recalc-dims=\"1\" decoding=\"async\" width=\"750\" height=\"164\" src=\"https:\/\/i0.wp.com\/maratonesyviajes.com\/maratones\/wp-content\/uploads\/2026\/01\/MTT.png?resize=750%2C164&#038;ssl=1\" alt=\"\" class=\"wp-image-1172\" srcset=\"https:\/\/i0.wp.com\/maratonesyviajes.com\/maratones\/wp-content\/uploads\/2026\/01\/MTT-scaled.png?resize=1024%2C224&amp;ssl=1 1024w, https:\/\/i0.wp.com\/maratonesyviajes.com\/maratones\/wp-content\/uploads\/2026\/01\/MTT-scaled.png?resize=300%2C66&amp;ssl=1 300w, https:\/\/i0.wp.com\/maratonesyviajes.com\/maratones\/wp-content\/uploads\/2026\/01\/MTT-scaled.png?resize=768%2C168&amp;ssl=1 768w, https:\/\/i0.wp.com\/maratonesyviajes.com\/maratones\/wp-content\/uploads\/2026\/01\/MTT-scaled.png?resize=1536%2C336&amp;ssl=1 1536w, https:\/\/i0.wp.com\/maratonesyviajes.com\/maratones\/wp-content\/uploads\/2026\/01\/MTT-scaled.png?resize=2048%2C449&amp;ssl=1 2048w, https:\/\/i0.wp.com\/maratonesyviajes.com\/maratones\/wp-content\/uploads\/2026\/01\/MTT-scaled.png?w=2250&amp;ssl=1 2250w\" sizes=\"(max-width: 750px) 100vw, 750px\" \/><\/figure>\n\n\n\n<p>________________________________________________________________________________________________________________<\/p>\n\n\n\n<h2 class=\"wp-block-heading has-text-align-center\"><strong>INTINERARIO<\/strong><\/h2>\n\n\n\n<ul class=\"wp-block-list\">\n<li><strong>MIRCOLES 20<\/strong><\/li>\n<\/ul>\n\n\n\n<p>Llegada a Ciudad del Cabo.<br>Recepci\u00f3n y traslado al hotel, d\u00eda libre.<\/p>\n\n\n\n<ul class=\"wp-block-list\">\n<li><strong>JUEVES 21 <\/strong><\/li>\n<\/ul>\n\n\n\n<p>Desayuno. Partiremos para un recorrido tur\u00edstico de medio d\u00eda por esta hermosa ciudad. La \u00faltima parada es en la expo para recoger su n\u00famero de corredor. El regreso de la expo es por su cuenta.<\/p>\n\n\n\n<ul class=\"wp-block-list\">\n<li><strong>VIERNES 22<\/strong><\/li>\n<\/ul>\n\n\n\n<p>Despu\u00e9s del desayuno, partiremos para una excursi\u00f3n de d\u00eda completo con vistas impresionantes. El tour lo llevar\u00e1 por la costa atl\u00e1ntica, pasando por Chapman &#8216;s Peak, hasta Cape Point, Simon &#8216;s Town y la colonia de ping\u00fcinos de Boulders Beach. El tour incluye almuerzo y entrada a Cape Point y la colonia de ping\u00fcinos de Boulder Beach.<br>Esta noche, disfrutar\u00e1 de un encuentro con sus compa\u00f1eros de viaje en la recepci\u00f3n de bienvenida y la sesi\u00f3n informativa del viaje organizada por Marathon Tours &amp; Travel.<\/p>\n\n\n\n<ul class=\"wp-block-list\">\n<li><strong>SABADO 23<\/strong><\/li>\n<\/ul>\n\n\n\n<p>Desayuno, disfrute de un d\u00eda libre por su cuenta en Ciudad del Cabo.<br>Por la noche cena de carbohidratos con el equipo de Marathon Tours &amp; Travel.<\/p>\n\n\n\n<ul class=\"wp-block-list\">\n<li><strong>DOMINGO 24<\/strong><\/li>\n<\/ul>\n\n\n\n<p>Desayuno. D\u00eda del MARATON<\/p>\n\n\n\n<ul class=\"wp-block-list\">\n<li><strong>LUNES 25<\/strong><\/li>\n<\/ul>\n\n\n\n<p>Desayuno. D\u00eda libre<\/p>\n\n\n\n<ul class=\"wp-block-list\">\n<li><strong>MARTES 26<\/strong><\/li>\n<\/ul>\n\n\n\n<p>Desayuno. Traslado al aeropuerto o inicio de nuestra extensi\u00f3n.<\/p>\n\n\n\n<figure class=\"wp-block-image size-large\"><img data-recalc-dims=\"1\" decoding=\"async\" width=\"750\" height=\"422\" src=\"https:\/\/i0.wp.com\/maratonesyviajes.com\/maratones\/wp-content\/uploads\/2025\/11\/recorrido-maraton-ciudad-cabo-travelmarathon.es_.png.webp?resize=750%2C422&#038;ssl=1\" alt=\"\" class=\"wp-image-1149\" srcset=\"https:\/\/i0.wp.com\/maratonesyviajes.com\/maratones\/wp-content\/uploads\/2025\/11\/recorrido-maraton-ciudad-cabo-travelmarathon.es_.png.webp?resize=1024%2C576&amp;ssl=1 1024w, https:\/\/i0.wp.com\/maratonesyviajes.com\/maratones\/wp-content\/uploads\/2025\/11\/recorrido-maraton-ciudad-cabo-travelmarathon.es_.png.webp?resize=300%2C169&amp;ssl=1 300w, https:\/\/i0.wp.com\/maratonesyviajes.com\/maratones\/wp-content\/uploads\/2025\/11\/recorrido-maraton-ciudad-cabo-travelmarathon.es_.png.webp?resize=768%2C432&amp;ssl=1 768w, https:\/\/i0.wp.com\/maratonesyviajes.com\/maratones\/wp-content\/uploads\/2025\/11\/recorrido-maraton-ciudad-cabo-travelmarathon.es_.png.webp?w=1279&amp;ssl=1 1279w\" sizes=\"(max-width: 750px) 100vw, 750px\" \/><\/figure>\n","protected":false},"excerpt":{"rendered":"<p>La Sanlam Cape Town Marathon, realizada en la ciudad de Cape Town (Sud\u00e1frica), vive un momento clave: no exactamente su primer a\u00f1o, pero s\u00ed su a\u00f1o como candidata para convertirse en un \u201cmajor\u201d (es decir, en una de las maratones de \u00e9lite a nivel mundial). A continuaci\u00f3n, te resumo su [&hellip;]<\/p>\n","protected":false},"author":1,"featured_media":0,"parent":0,"menu_order":0,"comment_status":"closed","ping_status":"closed","template":"","meta":{"footnotes":""},"class_list":["post-1145","page","type-page","status-publish","hentry"],"yoast_head":"<!-- This site is optimized with the Yoast SEO plugin v27.6 - https:\/\/yoast.com\/product\/yoast-seo-wordpress\/ -->\n<title>SANLAM CAPETOWN MARATHON 2026 - Maratones y viajes<\/title>\n<meta name=\"robots\" content=\"index, follow, max-snippet:-1, max-image-preview:large, max-video-preview:-1\" \/>\n<link rel=\"canonical\" href=\"https:\/\/maratonesyviajes.com\/maratones\/capetown\/\" \/>\n<meta property=\"og:locale\" content=\"es_MX\" \/>\n<meta property=\"og:type\" content=\"article\" \/>\n<meta property=\"og:title\" content=\"SANLAM CAPETOWN MARATHON 2026 - Maratones y viajes\" \/>\n<meta property=\"og:description\" content=\"La Sanlam Cape Town Marathon, realizada en la ciudad de Cape Town (Sud\u00e1frica), vive un momento clave: no exactamente su primer a\u00f1o, pero s\u00ed su a\u00f1o como candidata para convertirse en un \u201cmajor\u201d (es decir, en una de las maratones de \u00e9lite a nivel mundial). A continuaci\u00f3n, te resumo su [&hellip;]\" \/>\n<meta property=\"og:url\" content=\"https:\/\/maratonesyviajes.com\/maratones\/capetown\/\" \/>\n<meta property=\"og:site_name\" content=\"Maratones y viajes\" \/>\n<meta property=\"article:modified_time\" content=\"2026-01-15T15:41:38+00:00\" \/>\n<meta property=\"og:image\" content=\"https:\/\/maratonesyviajes.com\/maratones\/wp-content\/uploads\/2025\/12\/CapeTownMarathonLogo-cmyk-on-solid-1024x490.png\" \/>\n<meta name=\"twitter:card\" content=\"summary_large_image\" \/>\n<meta name=\"twitter:label1\" content=\"Tiempo de lectura\" \/>\n\t<meta name=\"twitter:data1\" content=\"3 minutos\" \/>\n<script type=\"application\/ld+json\" class=\"yoast-schema-graph\">{\"@context\":\"https:\\\/\\\/schema.org\",\"@graph\":[{\"@type\":\"WebPage\",\"@id\":\"https:\\\/\\\/maratonesyviajes.com\\\/maratones\\\/capetown\\\/\",\"url\":\"https:\\\/\\\/maratonesyviajes.com\\\/maratones\\\/capetown\\\/\",\"name\":\"SANLAM CAPETOWN MARATHON 2026 - Maratones y viajes\",\"isPartOf\":{\"@id\":\"https:\\\/\\\/maratonesyviajes.com\\\/maratones\\\/#website\"},\"primaryImageOfPage\":{\"@id\":\"https:\\\/\\\/maratonesyviajes.com\\\/maratones\\\/capetown\\\/#primaryimage\"},\"image\":{\"@id\":\"https:\\\/\\\/maratonesyviajes.com\\\/maratones\\\/capetown\\\/#primaryimage\"},\"thumbnailUrl\":\"https:\\\/\\\/maratonesyviajes.com\\\/maratones\\\/wp-content\\\/uploads\\\/2025\\\/12\\\/CapeTownMarathonLogo-cmyk-on-solid-1024x490.png\",\"datePublished\":\"2025-11-08T02:30:26+00:00\",\"dateModified\":\"2026-01-15T15:41:38+00:00\",\"breadcrumb\":{\"@id\":\"https:\\\/\\\/maratonesyviajes.com\\\/maratones\\\/capetown\\\/#breadcrumb\"},\"inLanguage\":\"es\",\"potentialAction\":[{\"@type\":\"ReadAction\",\"target\":[\"https:\\\/\\\/maratonesyviajes.com\\\/maratones\\\/capetown\\\/\"]}]},{\"@type\":\"ImageObject\",\"inLanguage\":\"es\",\"@id\":\"https:\\\/\\\/maratonesyviajes.com\\\/maratones\\\/capetown\\\/#primaryimage\",\"url\":\"https:\\\/\\\/i0.wp.com\\\/maratonesyviajes.com\\\/maratones\\\/wp-content\\\/uploads\\\/2025\\\/12\\\/CapeTownMarathonLogo-cmyk-on-solid.png?fit=1207%2C577&ssl=1\",\"contentUrl\":\"https:\\\/\\\/i0.wp.com\\\/maratonesyviajes.com\\\/maratones\\\/wp-content\\\/uploads\\\/2025\\\/12\\\/CapeTownMarathonLogo-cmyk-on-solid.png?fit=1207%2C577&ssl=1\",\"width\":1207,\"height\":577},{\"@type\":\"BreadcrumbList\",\"@id\":\"https:\\\/\\\/maratonesyviajes.com\\\/maratones\\\/capetown\\\/#breadcrumb\",\"itemListElement\":[{\"@type\":\"ListItem\",\"position\":1,\"name\":\"Inicio\",\"item\":\"https:\\\/\\\/maratonesyviajes.com\\\/maratones\\\/\"},{\"@type\":\"ListItem\",\"position\":2,\"name\":\"SANLAM CAPETOWN MARATHON 2026\"}]},{\"@type\":\"WebSite\",\"@id\":\"https:\\\/\\\/maratonesyviajes.com\\\/maratones\\\/#website\",\"url\":\"https:\\\/\\\/maratonesyviajes.com\\\/maratones\\\/\",\"name\":\"Maratones y viajes\",\"description\":\"Explora ciudades, corre maratones y crea recuerdos que van m\u00e1s all\u00e1 de la meta\",\"publisher\":{\"@id\":\"https:\\\/\\\/maratonesyviajes.com\\\/maratones\\\/#organization\"},\"potentialAction\":[{\"@type\":\"SearchAction\",\"target\":{\"@type\":\"EntryPoint\",\"urlTemplate\":\"https:\\\/\\\/maratonesyviajes.com\\\/maratones\\\/?s={search_term_string}\"},\"query-input\":{\"@type\":\"PropertyValueSpecification\",\"valueRequired\":true,\"valueName\":\"search_term_string\"}}],\"inLanguage\":\"es\"},{\"@type\":\"Organization\",\"@id\":\"https:\\\/\\\/maratonesyviajes.com\\\/maratones\\\/#organization\",\"name\":\"Maratones y viajes\",\"url\":\"https:\\\/\\\/maratonesyviajes.com\\\/maratones\\\/\",\"logo\":{\"@type\":\"ImageObject\",\"inLanguage\":\"es\",\"@id\":\"https:\\\/\\\/maratonesyviajes.com\\\/maratones\\\/#\\\/schema\\\/logo\\\/image\\\/\",\"url\":\"https:\\\/\\\/i0.wp.com\\\/maratonesyviajes.com\\\/maratones\\\/wp-content\\\/uploads\\\/2019\\\/06\\\/cropped-Logo_maratones_y_viajes.png?fit=900%2C412&ssl=1\",\"contentUrl\":\"https:\\\/\\\/i0.wp.com\\\/maratonesyviajes.com\\\/maratones\\\/wp-content\\\/uploads\\\/2019\\\/06\\\/cropped-Logo_maratones_y_viajes.png?fit=900%2C412&ssl=1\",\"width\":900,\"height\":412,\"caption\":\"Maratones y viajes\"},\"image\":{\"@id\":\"https:\\\/\\\/maratonesyviajes.com\\\/maratones\\\/#\\\/schema\\\/logo\\\/image\\\/\"}}]}<\/script>\n<!-- \/ Yoast SEO plugin. -->","yoast_head_json":{"title":"SANLAM CAPETOWN MARATHON 2026 - Maratones y viajes","robots":{"index":"index","follow":"follow","max-snippet":"max-snippet:-1","max-image-preview":"max-image-preview:large","max-video-preview":"max-video-preview:-1"},"canonical":"https:\/\/maratonesyviajes.com\/maratones\/capetown\/","og_locale":"es_MX","og_type":"article","og_title":"SANLAM CAPETOWN MARATHON 2026 - Maratones y viajes","og_description":"La Sanlam Cape Town Marathon, realizada en la ciudad de Cape Town (Sud\u00e1frica), vive un momento clave: no exactamente su primer a\u00f1o, pero s\u00ed su a\u00f1o como candidata para convertirse en un \u201cmajor\u201d (es decir, en una de las maratones de \u00e9lite a nivel mundial). A continuaci\u00f3n, te resumo su [&hellip;]","og_url":"https:\/\/maratonesyviajes.com\/maratones\/capetown\/","og_site_name":"Maratones y viajes","article_modified_time":"2026-01-15T15:41:38+00:00","og_image":[{"url":"https:\/\/maratonesyviajes.com\/maratones\/wp-content\/uploads\/2025\/12\/CapeTownMarathonLogo-cmyk-on-solid-1024x490.png","type":"","width":"","height":""}],"twitter_card":"summary_large_image","twitter_misc":{"Tiempo de lectura":"3 minutos"},"schema":{"@context":"https:\/\/schema.org","@graph":[{"@type":"WebPage","@id":"https:\/\/maratonesyviajes.com\/maratones\/capetown\/","url":"https:\/\/maratonesyviajes.com\/maratones\/capetown\/","name":"SANLAM CAPETOWN MARATHON 2026 - Maratones y viajes","isPartOf":{"@id":"https:\/\/maratonesyviajes.com\/maratones\/#website"},"primaryImageOfPage":{"@id":"https:\/\/maratonesyviajes.com\/maratones\/capetown\/#primaryimage"},"image":{"@id":"https:\/\/maratonesyviajes.com\/maratones\/capetown\/#primaryimage"},"thumbnailUrl":"https:\/\/maratonesyviajes.com\/maratones\/wp-content\/uploads\/2025\/12\/CapeTownMarathonLogo-cmyk-on-solid-1024x490.png","datePublished":"2025-11-08T02:30:26+00:00","dateModified":"2026-01-15T15:41:38+00:00","breadcrumb":{"@id":"https:\/\/maratonesyviajes.com\/maratones\/capetown\/#breadcrumb"},"inLanguage":"es","potentialAction":[{"@type":"ReadAction","target":["https:\/\/maratonesyviajes.com\/maratones\/capetown\/"]}]},{"@type":"ImageObject","inLanguage":"es","@id":"https:\/\/maratonesyviajes.com\/maratones\/capetown\/#primaryimage","url":"https:\/\/i0.wp.com\/maratonesyviajes.com\/maratones\/wp-content\/uploads\/2025\/12\/CapeTownMarathonLogo-cmyk-on-solid.png?fit=1207%2C577&ssl=1","contentUrl":"https:\/\/i0.wp.com\/maratonesyviajes.com\/maratones\/wp-content\/uploads\/2025\/12\/CapeTownMarathonLogo-cmyk-on-solid.png?fit=1207%2C577&ssl=1","width":1207,"height":577},{"@type":"BreadcrumbList","@id":"https:\/\/maratonesyviajes.com\/maratones\/capetown\/#breadcrumb","itemListElement":[{"@type":"ListItem","position":1,"name":"Inicio","item":"https:\/\/maratonesyviajes.com\/maratones\/"},{"@type":"ListItem","position":2,"name":"SANLAM CAPETOWN MARATHON 2026"}]},{"@type":"WebSite","@id":"https:\/\/maratonesyviajes.com\/maratones\/#website","url":"https:\/\/maratonesyviajes.com\/maratones\/","name":"Maratones y viajes","description":"Explora ciudades, corre maratones y crea recuerdos que van m\u00e1s all\u00e1 de la meta","publisher":{"@id":"https:\/\/maratonesyviajes.com\/maratones\/#organization"},"potentialAction":[{"@type":"SearchAction","target":{"@type":"EntryPoint","urlTemplate":"https:\/\/maratonesyviajes.com\/maratones\/?s={search_term_string}"},"query-input":{"@type":"PropertyValueSpecification","valueRequired":true,"valueName":"search_term_string"}}],"inLanguage":"es"},{"@type":"Organization","@id":"https:\/\/maratonesyviajes.com\/maratones\/#organization","name":"Maratones y viajes","url":"https:\/\/maratonesyviajes.com\/maratones\/","logo":{"@type":"ImageObject","inLanguage":"es","@id":"https:\/\/maratonesyviajes.com\/maratones\/#\/schema\/logo\/image\/","url":"https:\/\/i0.wp.com\/maratonesyviajes.com\/maratones\/wp-content\/uploads\/2019\/06\/cropped-Logo_maratones_y_viajes.png?fit=900%2C412&ssl=1","contentUrl":"https:\/\/i0.wp.com\/maratonesyviajes.com\/maratones\/wp-content\/uploads\/2019\/06\/cropped-Logo_maratones_y_viajes.png?fit=900%2C412&ssl=1","width":900,"height":412,"caption":"Maratones y viajes"},"image":{"@id":"https:\/\/maratonesyviajes.com\/maratones\/#\/schema\/logo\/image\/"}}]}},"jetpack_sharing_enabled":true,"_links":{"self":[{"href":"https:\/\/maratonesyviajes.com\/maratones\/wp-json\/wp\/v2\/pages\/1145","targetHints":{"allow":["GET"]}}],"collection":[{"href":"https:\/\/maratonesyviajes.com\/maratones\/wp-json\/wp\/v2\/pages"}],"about":[{"href":"https:\/\/maratonesyviajes.com\/maratones\/wp-json\/wp\/v2\/types\/page"}],"author":[{"embeddable":true,"href":"https:\/\/maratonesyviajes.com\/maratones\/wp-json\/wp\/v2\/users\/1"}],"replies":[{"embeddable":true,"href":"https:\/\/maratonesyviajes.com\/maratones\/wp-json\/wp\/v2\/comments?post=1145"}],"version-history":[{"count":4,"href":"https:\/\/maratonesyviajes.com\/maratones\/wp-json\/wp\/v2\/pages\/1145\/revisions"}],"predecessor-version":[{"id":1173,"href":"https:\/\/maratonesyviajes.com\/maratones\/wp-json\/wp\/v2\/pages\/1145\/revisions\/1173"}],"wp:attachment":[{"href":"https:\/\/maratonesyviajes.com\/maratones\/wp-json\/wp\/v2\/media?parent=1145"}],"curies":[{"name":"wp","href":"https:\/\/api.w.org\/{rel}","templated":true}]}}