{"id":477,"date":"2019-06-14T15:13:41","date_gmt":"2019-06-14T20:13:41","guid":{"rendered":"http:\/\/maratonesyviajes.com\/maratones\/?page_id=477"},"modified":"2026-03-09T11:23:33","modified_gmt":"2026-03-09T17:23:33","slug":"maratones-majors","status":"publish","type":"page","link":"https:\/\/maratonesyviajes.com\/maratones\/maratones-majors\/","title":{"rendered":"Maratones Majors"},"content":{"rendered":"\n<h6 class=\"wp-block-heading has-text-align-center\"><span style=\"text-decoration: underline;\">Las&nbsp;<strong>Abbott World Marathon Majors<\/strong>&nbsp;es una serie que consta de seis de los maratones m\u00e1s importantes y reconocidos en el mundo.&nbsp;Las carreras tienen lugar en&nbsp;<mark style=\"background-color:rgba(0, 0, 0, 0)\" class=\"has-inline-color has-vivid-red-color\"><em>Tokio, Londres, S\u00eddney, Berl\u00edn, Chicago&nbsp;y&nbsp;Nueva York&nbsp;<\/em><\/mark>.<\/span><\/h6>\n\n\n\n<div class=\"wp-block-media-text alignwide is-stacked-on-mobile\"><figure class=\"wp-block-media-text__media\"><img data-recalc-dims=\"1\" fetchpriority=\"high\" decoding=\"async\" width=\"750\" height=\"500\" src=\"https:\/\/i0.wp.com\/maratonesyviajes.com\/maratones\/wp-content\/uploads\/2019\/06\/NYCM18_SM_1866-EDITED-1-1024x683.jpg?resize=750%2C500\" alt=\"\" class=\"wp-image-318 size-full\" srcset=\"https:\/\/i0.wp.com\/maratonesyviajes.com\/maratones\/wp-content\/uploads\/2019\/06\/NYCM18_SM_1866-EDITED-1.jpg?resize=1024%2C683&amp;ssl=1 1024w, https:\/\/i0.wp.com\/maratonesyviajes.com\/maratones\/wp-content\/uploads\/2019\/06\/NYCM18_SM_1866-EDITED-1.jpg?resize=300%2C200&amp;ssl=1 300w, https:\/\/i0.wp.com\/maratonesyviajes.com\/maratones\/wp-content\/uploads\/2019\/06\/NYCM18_SM_1866-EDITED-1.jpg?resize=768%2C512&amp;ssl=1 768w, https:\/\/i0.wp.com\/maratonesyviajes.com\/maratones\/wp-content\/uploads\/2019\/06\/NYCM18_SM_1866-EDITED-1.jpg?w=1500&amp;ssl=1 1500w\" sizes=\"(max-width: 750px) 100vw, 750px\" \/><\/figure><div class=\"wp-block-media-text__content\">\n<p class=\"has-large-font-size\"><a href=\"https:\/\/maratonesyviajes.com\/maratones\/maraton\/maraton-nyc-2026\/\">TCS New York Marathon<\/a><\/p>\n<\/div><\/div>\n\n\n\n<div class=\"wp-block-media-text alignwide is-stacked-on-mobile\"><figure class=\"wp-block-media-text__media\"><img data-recalc-dims=\"1\" decoding=\"async\" width=\"650\" height=\"437\" src=\"https:\/\/i0.wp.com\/maratonesyviajes.com\/maratones\/wp-content\/uploads\/2019\/06\/maraton-tokio.jpg?resize=650%2C437\" alt=\"\" class=\"wp-image-343 size-full\" srcset=\"https:\/\/i0.wp.com\/maratonesyviajes.com\/maratones\/wp-content\/uploads\/2019\/06\/maraton-tokio.jpg?w=650&amp;ssl=1 650w, https:\/\/i0.wp.com\/maratonesyviajes.com\/maratones\/wp-content\/uploads\/2019\/06\/maraton-tokio.jpg?resize=300%2C202&amp;ssl=1 300w\" sizes=\"(max-width: 650px) 100vw, 650px\" \/><\/figure><div class=\"wp-block-media-text__content\">\n<p class=\"has-large-font-size\"><a href=\"https:\/\/maratonesyviajes.com\/maratones\/maraton\/maraton-tokio-2026\/\" target=\"_blank\" rel=\"noreferrer noopener\">Tokio Marathon<\/a><\/p>\n<\/div><\/div>\n\n\n\n<div class=\"wp-block-media-text alignwide is-stacked-on-mobile\"><figure class=\"wp-block-media-text__media\"><img data-recalc-dims=\"1\" decoding=\"async\" width=\"750\" height=\"489\" src=\"https:\/\/i0.wp.com\/maratonesyviajes.com\/maratones\/wp-content\/uploads\/2019\/06\/Berlin-Marathon-2018-course-1380x900-1024x668.jpg?resize=750%2C489\" alt=\"\" class=\"wp-image-367 size-full\" srcset=\"https:\/\/i0.wp.com\/maratonesyviajes.com\/maratones\/wp-content\/uploads\/2019\/06\/Berlin-Marathon-2018-course-1380x900.jpg?resize=1024%2C668&amp;ssl=1 1024w, https:\/\/i0.wp.com\/maratonesyviajes.com\/maratones\/wp-content\/uploads\/2019\/06\/Berlin-Marathon-2018-course-1380x900.jpg?resize=300%2C196&amp;ssl=1 300w, https:\/\/i0.wp.com\/maratonesyviajes.com\/maratones\/wp-content\/uploads\/2019\/06\/Berlin-Marathon-2018-course-1380x900.jpg?resize=768%2C501&amp;ssl=1 768w, https:\/\/i0.wp.com\/maratonesyviajes.com\/maratones\/wp-content\/uploads\/2019\/06\/Berlin-Marathon-2018-course-1380x900.jpg?resize=1380%2C900&amp;ssl=1 1380w\" sizes=\"(max-width: 750px) 100vw, 750px\" \/><\/figure><div class=\"wp-block-media-text__content\">\n<p class=\"has-large-font-size\"><a href=\"https:\/\/maratonesyviajes.com\/maratones\/maraton\/maraton-berlin-2026\/\">BMW BERLIN-MARATHON<\/a><\/p>\n<\/div><\/div>\n\n\n\n<div class=\"wp-block-media-text alignwide is-stacked-on-mobile\"><figure class=\"wp-block-media-text__media\"><img data-recalc-dims=\"1\" loading=\"lazy\" decoding=\"async\" width=\"570\" height=\"340\" src=\"https:\/\/i0.wp.com\/maratonesyviajes.com\/maratones\/wp-content\/uploads\/2019\/06\/london8.jpg?resize=570%2C340\" alt=\"\" class=\"wp-image-442 size-full\" srcset=\"https:\/\/i0.wp.com\/maratonesyviajes.com\/maratones\/wp-content\/uploads\/2019\/06\/london8.jpg?w=570&amp;ssl=1 570w, https:\/\/i0.wp.com\/maratonesyviajes.com\/maratones\/wp-content\/uploads\/2019\/06\/london8.jpg?resize=300%2C179&amp;ssl=1 300w\" sizes=\"(max-width: 570px) 100vw, 570px\" \/><\/figure><div class=\"wp-block-media-text__content\">\n<p class=\"has-large-font-size\"><a href=\"https:\/\/maratonesyviajes.com\/maratones\/maraton\/maraton-londres-2023\/\" target=\"_blank\" rel=\"noreferrer noopener\">London Marathon<\/a><\/p>\n<\/div><\/div>\n\n\n\n<div class=\"wp-block-media-text alignwide is-stacked-on-mobile\"><figure class=\"wp-block-media-text__media\"><img data-recalc-dims=\"1\" loading=\"lazy\" decoding=\"async\" width=\"750\" height=\"422\" src=\"https:\/\/i0.wp.com\/maratonesyviajes.com\/maratones\/wp-content\/uploads\/2019\/06\/CHICAGO3.jpg?resize=750%2C422\" alt=\"\" class=\"wp-image-468 size-full\" srcset=\"https:\/\/i0.wp.com\/maratonesyviajes.com\/maratones\/wp-content\/uploads\/2019\/06\/CHICAGO3.jpg?w=971&amp;ssl=1 971w, https:\/\/i0.wp.com\/maratonesyviajes.com\/maratones\/wp-content\/uploads\/2019\/06\/CHICAGO3.jpg?resize=300%2C169&amp;ssl=1 300w, https:\/\/i0.wp.com\/maratonesyviajes.com\/maratones\/wp-content\/uploads\/2019\/06\/CHICAGO3.jpg?resize=768%2C432&amp;ssl=1 768w\" sizes=\"(max-width: 750px) 100vw, 750px\" \/><\/figure><div class=\"wp-block-media-text__content\">\n<p class=\"has-large-font-size\"><a href=\"https:\/\/maratonesyviajes.com\/maratones\/maraton\/maraton-chicago-\u202645-aniversario-2\/\">BANK OF AMERICA CHICAGO MARATHON<\/a><\/p>\n<\/div><\/div>\n\n\n\n<div class=\"wp-block-media-text alignwide is-stacked-on-mobile\"><figure class=\"wp-block-media-text__media\"><img data-recalc-dims=\"1\" loading=\"lazy\" decoding=\"async\" width=\"750\" height=\"500\" src=\"https:\/\/i0.wp.com\/maratonesyviajes.com\/maratones\/wp-content\/uploads\/2024\/12\/2024.09.15-Sydney-Marathon-Ben-Levy-Album-154.jpg?resize=750%2C500&#038;ssl=1\" alt=\"\" class=\"wp-image-946 size-full\" srcset=\"https:\/\/i0.wp.com\/maratonesyviajes.com\/maratones\/wp-content\/uploads\/2024\/12\/2024.09.15-Sydney-Marathon-Ben-Levy-Album-154-scaled.jpg?resize=1024%2C683&amp;ssl=1 1024w, https:\/\/i0.wp.com\/maratonesyviajes.com\/maratones\/wp-content\/uploads\/2024\/12\/2024.09.15-Sydney-Marathon-Ben-Levy-Album-154-scaled.jpg?resize=300%2C200&amp;ssl=1 300w, https:\/\/i0.wp.com\/maratonesyviajes.com\/maratones\/wp-content\/uploads\/2024\/12\/2024.09.15-Sydney-Marathon-Ben-Levy-Album-154-scaled.jpg?resize=768%2C512&amp;ssl=1 768w, https:\/\/i0.wp.com\/maratonesyviajes.com\/maratones\/wp-content\/uploads\/2024\/12\/2024.09.15-Sydney-Marathon-Ben-Levy-Album-154-scaled.jpg?resize=1536%2C1024&amp;ssl=1 1536w, https:\/\/i0.wp.com\/maratonesyviajes.com\/maratones\/wp-content\/uploads\/2024\/12\/2024.09.15-Sydney-Marathon-Ben-Levy-Album-154-scaled.jpg?resize=2048%2C1365&amp;ssl=1 2048w, https:\/\/i0.wp.com\/maratonesyviajes.com\/maratones\/wp-content\/uploads\/2024\/12\/2024.09.15-Sydney-Marathon-Ben-Levy-Album-154-scaled.jpg?w=2250&amp;ssl=1 2250w\" sizes=\"(max-width: 750px) 100vw, 750px\" \/><\/figure><div class=\"wp-block-media-text__content\">\n<p class=\"has-large-font-size\"><a href=\"https:\/\/maratonesyviajes.com\/maratones\/tcs-sidney-marathon-2025\/\">TCS SINDEY MARATHON<\/a><\/p>\n<\/div><\/div>\n\n\n\n<p><\/p>\n","protected":false},"excerpt":{"rendered":"<p>Las&nbsp;Abbott World Marathon Majors&nbsp;es una serie que consta de seis de los maratones m\u00e1s importantes y reconocidos en el mundo.&nbsp;Las carreras tienen lugar en&nbsp;Tokio, Londres, S\u00eddney, Berl\u00edn, Chicago&nbsp;y&nbsp;Nueva York&nbsp;. TCS New York Marathon Tokio Marathon BMW BERLIN-MARATHON London Marathon BANK OF AMERICA CHICAGO MARATHON TCS SINDEY MARATHON<\/p>\n","protected":false},"author":1,"featured_media":0,"parent":0,"menu_order":0,"comment_status":"closed","ping_status":"closed","template":"","meta":{"footnotes":""},"class_list":["post-477","page","type-page","status-publish","hentry"],"yoast_head":"<!-- This site is optimized with the Yoast SEO plugin v27.6 - https:\/\/yoast.com\/product\/yoast-seo-wordpress\/ -->\n<title>Maratones Majors - Maratones y viajes<\/title>\n<meta name=\"robots\" content=\"index, follow, max-snippet:-1, max-image-preview:large, max-video-preview:-1\" \/>\n<link rel=\"canonical\" href=\"https:\/\/maratonesyviajes.com\/maratones\/maratones-majors\/\" \/>\n<meta property=\"og:locale\" content=\"es_MX\" \/>\n<meta property=\"og:type\" content=\"article\" \/>\n<meta property=\"og:title\" content=\"Maratones Majors - Maratones y viajes\" \/>\n<meta property=\"og:description\" content=\"Las&nbsp;Abbott World Marathon Majors&nbsp;es una serie que consta de seis de los maratones m\u00e1s importantes y reconocidos en el mundo.&nbsp;Las carreras tienen lugar en&nbsp;Tokio, Londres, S\u00eddney, Berl\u00edn, Chicago&nbsp;y&nbsp;Nueva York&nbsp;. TCS New York Marathon Tokio Marathon BMW BERLIN-MARATHON London Marathon BANK OF AMERICA CHICAGO MARATHON TCS SINDEY MARATHON\" \/>\n<meta property=\"og:url\" content=\"https:\/\/maratonesyviajes.com\/maratones\/maratones-majors\/\" \/>\n<meta property=\"og:site_name\" content=\"Maratones y viajes\" \/>\n<meta property=\"article:modified_time\" content=\"2026-03-09T17:23:33+00:00\" \/>\n<meta property=\"og:image\" content=\"http:\/\/maratonesyviajes.com\/maratones\/wp-content\/uploads\/2019\/06\/NYCM18_SM_1866-EDITED-1-1024x683.jpg\" \/>\n<meta name=\"twitter:card\" content=\"summary_large_image\" \/>\n<meta name=\"twitter:label1\" content=\"Tiempo de lectura\" \/>\n\t<meta name=\"twitter:data1\" content=\"2 minutos\" \/>\n<script type=\"application\/ld+json\" class=\"yoast-schema-graph\">{\"@context\":\"https:\\\/\\\/schema.org\",\"@graph\":[{\"@type\":\"WebPage\",\"@id\":\"https:\\\/\\\/maratonesyviajes.com\\\/maratones\\\/maratones-majors\\\/\",\"url\":\"https:\\\/\\\/maratonesyviajes.com\\\/maratones\\\/maratones-majors\\\/\",\"name\":\"Maratones Majors - Maratones y viajes\",\"isPartOf\":{\"@id\":\"https:\\\/\\\/maratonesyviajes.com\\\/maratones\\\/#website\"},\"primaryImageOfPage\":{\"@id\":\"https:\\\/\\\/maratonesyviajes.com\\\/maratones\\\/maratones-majors\\\/#primaryimage\"},\"image\":{\"@id\":\"https:\\\/\\\/maratonesyviajes.com\\\/maratones\\\/maratones-majors\\\/#primaryimage\"},\"thumbnailUrl\":\"http:\\\/\\\/maratonesyviajes.com\\\/maratones\\\/wp-content\\\/uploads\\\/2019\\\/06\\\/NYCM18_SM_1866-EDITED-1-1024x683.jpg\",\"datePublished\":\"2019-06-14T20:13:41+00:00\",\"dateModified\":\"2026-03-09T17:23:33+00:00\",\"breadcrumb\":{\"@id\":\"https:\\\/\\\/maratonesyviajes.com\\\/maratones\\\/maratones-majors\\\/#breadcrumb\"},\"inLanguage\":\"es\",\"potentialAction\":[{\"@type\":\"ReadAction\",\"target\":[\"https:\\\/\\\/maratonesyviajes.com\\\/maratones\\\/maratones-majors\\\/\"]}]},{\"@type\":\"ImageObject\",\"inLanguage\":\"es\",\"@id\":\"https:\\\/\\\/maratonesyviajes.com\\\/maratones\\\/maratones-majors\\\/#primaryimage\",\"url\":\"http:\\\/\\\/maratonesyviajes.com\\\/maratones\\\/wp-content\\\/uploads\\\/2019\\\/06\\\/NYCM18_SM_1866-EDITED-1-1024x683.jpg\",\"contentUrl\":\"http:\\\/\\\/maratonesyviajes.com\\\/maratones\\\/wp-content\\\/uploads\\\/2019\\\/06\\\/NYCM18_SM_1866-EDITED-1-1024x683.jpg\"},{\"@type\":\"BreadcrumbList\",\"@id\":\"https:\\\/\\\/maratonesyviajes.com\\\/maratones\\\/maratones-majors\\\/#breadcrumb\",\"itemListElement\":[{\"@type\":\"ListItem\",\"position\":1,\"name\":\"Inicio\",\"item\":\"https:\\\/\\\/maratonesyviajes.com\\\/maratones\\\/\"},{\"@type\":\"ListItem\",\"position\":2,\"name\":\"Maratones Majors\"}]},{\"@type\":\"WebSite\",\"@id\":\"https:\\\/\\\/maratonesyviajes.com\\\/maratones\\\/#website\",\"url\":\"https:\\\/\\\/maratonesyviajes.com\\\/maratones\\\/\",\"name\":\"Maratones y viajes\",\"description\":\"Explora ciudades, corre maratones y crea recuerdos que van m\u00e1s all\u00e1 de la meta\",\"publisher\":{\"@id\":\"https:\\\/\\\/maratonesyviajes.com\\\/maratones\\\/#organization\"},\"potentialAction\":[{\"@type\":\"SearchAction\",\"target\":{\"@type\":\"EntryPoint\",\"urlTemplate\":\"https:\\\/\\\/maratonesyviajes.com\\\/maratones\\\/?s={search_term_string}\"},\"query-input\":{\"@type\":\"PropertyValueSpecification\",\"valueRequired\":true,\"valueName\":\"search_term_string\"}}],\"inLanguage\":\"es\"},{\"@type\":\"Organization\",\"@id\":\"https:\\\/\\\/maratonesyviajes.com\\\/maratones\\\/#organization\",\"name\":\"Maratones y viajes\",\"url\":\"https:\\\/\\\/maratonesyviajes.com\\\/maratones\\\/\",\"logo\":{\"@type\":\"ImageObject\",\"inLanguage\":\"es\",\"@id\":\"https:\\\/\\\/maratonesyviajes.com\\\/maratones\\\/#\\\/schema\\\/logo\\\/image\\\/\",\"url\":\"https:\\\/\\\/i0.wp.com\\\/maratonesyviajes.com\\\/maratones\\\/wp-content\\\/uploads\\\/2019\\\/06\\\/cropped-Logo_maratones_y_viajes.png?fit=900%2C412&ssl=1\",\"contentUrl\":\"https:\\\/\\\/i0.wp.com\\\/maratonesyviajes.com\\\/maratones\\\/wp-content\\\/uploads\\\/2019\\\/06\\\/cropped-Logo_maratones_y_viajes.png?fit=900%2C412&ssl=1\",\"width\":900,\"height\":412,\"caption\":\"Maratones y viajes\"},\"image\":{\"@id\":\"https:\\\/\\\/maratonesyviajes.com\\\/maratones\\\/#\\\/schema\\\/logo\\\/image\\\/\"}}]}<\/script>\n<!-- \/ Yoast SEO plugin. -->","yoast_head_json":{"title":"Maratones Majors - Maratones y viajes","robots":{"index":"index","follow":"follow","max-snippet":"max-snippet:-1","max-image-preview":"max-image-preview:large","max-video-preview":"max-video-preview:-1"},"canonical":"https:\/\/maratonesyviajes.com\/maratones\/maratones-majors\/","og_locale":"es_MX","og_type":"article","og_title":"Maratones Majors - Maratones y viajes","og_description":"Las&nbsp;Abbott World Marathon Majors&nbsp;es una serie que consta de seis de los maratones m\u00e1s importantes y reconocidos en el mundo.&nbsp;Las carreras tienen lugar en&nbsp;Tokio, Londres, S\u00eddney, Berl\u00edn, Chicago&nbsp;y&nbsp;Nueva York&nbsp;. TCS New York Marathon Tokio Marathon BMW BERLIN-MARATHON London Marathon BANK OF AMERICA CHICAGO MARATHON TCS SINDEY MARATHON","og_url":"https:\/\/maratonesyviajes.com\/maratones\/maratones-majors\/","og_site_name":"Maratones y viajes","article_modified_time":"2026-03-09T17:23:33+00:00","og_image":[{"url":"http:\/\/maratonesyviajes.com\/maratones\/wp-content\/uploads\/2019\/06\/NYCM18_SM_1866-EDITED-1-1024x683.jpg","type":"","width":"","height":""}],"twitter_card":"summary_large_image","twitter_misc":{"Tiempo de lectura":"2 minutos"},"schema":{"@context":"https:\/\/schema.org","@graph":[{"@type":"WebPage","@id":"https:\/\/maratonesyviajes.com\/maratones\/maratones-majors\/","url":"https:\/\/maratonesyviajes.com\/maratones\/maratones-majors\/","name":"Maratones Majors - Maratones y viajes","isPartOf":{"@id":"https:\/\/maratonesyviajes.com\/maratones\/#website"},"primaryImageOfPage":{"@id":"https:\/\/maratonesyviajes.com\/maratones\/maratones-majors\/#primaryimage"},"image":{"@id":"https:\/\/maratonesyviajes.com\/maratones\/maratones-majors\/#primaryimage"},"thumbnailUrl":"http:\/\/maratonesyviajes.com\/maratones\/wp-content\/uploads\/2019\/06\/NYCM18_SM_1866-EDITED-1-1024x683.jpg","datePublished":"2019-06-14T20:13:41+00:00","dateModified":"2026-03-09T17:23:33+00:00","breadcrumb":{"@id":"https:\/\/maratonesyviajes.com\/maratones\/maratones-majors\/#breadcrumb"},"inLanguage":"es","potentialAction":[{"@type":"ReadAction","target":["https:\/\/maratonesyviajes.com\/maratones\/maratones-majors\/"]}]},{"@type":"ImageObject","inLanguage":"es","@id":"https:\/\/maratonesyviajes.com\/maratones\/maratones-majors\/#primaryimage","url":"http:\/\/maratonesyviajes.com\/maratones\/wp-content\/uploads\/2019\/06\/NYCM18_SM_1866-EDITED-1-1024x683.jpg","contentUrl":"http:\/\/maratonesyviajes.com\/maratones\/wp-content\/uploads\/2019\/06\/NYCM18_SM_1866-EDITED-1-1024x683.jpg"},{"@type":"BreadcrumbList","@id":"https:\/\/maratonesyviajes.com\/maratones\/maratones-majors\/#breadcrumb","itemListElement":[{"@type":"ListItem","position":1,"name":"Inicio","item":"https:\/\/maratonesyviajes.com\/maratones\/"},{"@type":"ListItem","position":2,"name":"Maratones Majors"}]},{"@type":"WebSite","@id":"https:\/\/maratonesyviajes.com\/maratones\/#website","url":"https:\/\/maratonesyviajes.com\/maratones\/","name":"Maratones y viajes","description":"Explora ciudades, corre maratones y crea recuerdos que van m\u00e1s all\u00e1 de la meta","publisher":{"@id":"https:\/\/maratonesyviajes.com\/maratones\/#organization"},"potentialAction":[{"@type":"SearchAction","target":{"@type":"EntryPoint","urlTemplate":"https:\/\/maratonesyviajes.com\/maratones\/?s={search_term_string}"},"query-input":{"@type":"PropertyValueSpecification","valueRequired":true,"valueName":"search_term_string"}}],"inLanguage":"es"},{"@type":"Organization","@id":"https:\/\/maratonesyviajes.com\/maratones\/#organization","name":"Maratones y viajes","url":"https:\/\/maratonesyviajes.com\/maratones\/","logo":{"@type":"ImageObject","inLanguage":"es","@id":"https:\/\/maratonesyviajes.com\/maratones\/#\/schema\/logo\/image\/","url":"https:\/\/i0.wp.com\/maratonesyviajes.com\/maratones\/wp-content\/uploads\/2019\/06\/cropped-Logo_maratones_y_viajes.png?fit=900%2C412&ssl=1","contentUrl":"https:\/\/i0.wp.com\/maratonesyviajes.com\/maratones\/wp-content\/uploads\/2019\/06\/cropped-Logo_maratones_y_viajes.png?fit=900%2C412&ssl=1","width":900,"height":412,"caption":"Maratones y viajes"},"image":{"@id":"https:\/\/maratonesyviajes.com\/maratones\/#\/schema\/logo\/image\/"}}]}},"jetpack_sharing_enabled":true,"_links":{"self":[{"href":"https:\/\/maratonesyviajes.com\/maratones\/wp-json\/wp\/v2\/pages\/477","targetHints":{"allow":["GET"]}}],"collection":[{"href":"https:\/\/maratonesyviajes.com\/maratones\/wp-json\/wp\/v2\/pages"}],"about":[{"href":"https:\/\/maratonesyviajes.com\/maratones\/wp-json\/wp\/v2\/types\/page"}],"author":[{"embeddable":true,"href":"https:\/\/maratonesyviajes.com\/maratones\/wp-json\/wp\/v2\/users\/1"}],"replies":[{"embeddable":true,"href":"https:\/\/maratonesyviajes.com\/maratones\/wp-json\/wp\/v2\/comments?post=477"}],"version-history":[{"count":22,"href":"https:\/\/maratonesyviajes.com\/maratones\/wp-json\/wp\/v2\/pages\/477\/revisions"}],"predecessor-version":[{"id":1224,"href":"https:\/\/maratonesyviajes.com\/maratones\/wp-json\/wp\/v2\/pages\/477\/revisions\/1224"}],"wp:attachment":[{"href":"https:\/\/maratonesyviajes.com\/maratones\/wp-json\/wp\/v2\/media?parent=477"}],"curies":[{"name":"wp","href":"https:\/\/api.w.org\/{rel}","templated":true}]}}