{"id":69,"date":"2019-05-27T22:46:55","date_gmt":"2019-05-27T22:46:55","guid":{"rendered":"http:\/\/maratonesyviajes.com\/maratones\/?page_id=69"},"modified":"2024-12-15T21:18:55","modified_gmt":"2024-12-16T03:18:55","slug":"maratones-principales","status":"publish","type":"page","link":"https:\/\/maratonesyviajes.com\/maratones\/maratones-principales\/","title":{"rendered":"Maratones principales"},"content":{"rendered":"\n<div class=\"wp-block-media-text alignwide has-media-on-the-right is-stacked-on-mobile\"><div class=\"wp-block-media-text__content\">\n<h1 class=\"wp-block-heading\" style=\"font-size:27px\"><a href=\"https:\/\/maratonesyviajes.com\/maratones\/maraton\/maraton-paris-2023\/\">Marat\u00f3n de Par\u00eds 2023<\/a><\/h1>\n<\/div><figure class=\"wp-block-media-text__media\"><img data-recalc-dims=\"1\" fetchpriority=\"high\" decoding=\"async\" width=\"750\" height=\"328\" src=\"https:\/\/i0.wp.com\/maratonesyviajes.com\/maratones\/wp-content\/uploads\/2019\/06\/paris-1-1024x448.jpg?resize=750%2C328\" alt=\"\" class=\"wp-image-383 size-full\" srcset=\"https:\/\/i0.wp.com\/maratonesyviajes.com\/maratones\/wp-content\/uploads\/2019\/06\/paris-1.jpg?resize=1024%2C448&amp;ssl=1 1024w, https:\/\/i0.wp.com\/maratonesyviajes.com\/maratones\/wp-content\/uploads\/2019\/06\/paris-1.jpg?resize=300%2C131&amp;ssl=1 300w, https:\/\/i0.wp.com\/maratonesyviajes.com\/maratones\/wp-content\/uploads\/2019\/06\/paris-1.jpg?resize=768%2C336&amp;ssl=1 768w, https:\/\/i0.wp.com\/maratonesyviajes.com\/maratones\/wp-content\/uploads\/2019\/06\/paris-1.jpg?w=1120&amp;ssl=1 1120w\" sizes=\"(max-width: 750px) 100vw, 750px\" \/><\/figure><\/div>\n\n\n\n<div class=\"wp-block-media-text alignwide is-stacked-on-mobile\"><figure class=\"wp-block-media-text__media\"><img data-recalc-dims=\"1\" decoding=\"async\" width=\"750\" height=\"399\" src=\"https:\/\/i0.wp.com\/maratonesyviajes.com\/maratones\/wp-content\/uploads\/2019\/06\/mcm-1024x545.jpg?resize=750%2C399\" alt=\"\" class=\"wp-image-507 size-full\" srcset=\"https:\/\/i0.wp.com\/maratonesyviajes.com\/maratones\/wp-content\/uploads\/2019\/06\/mcm.jpg?w=1024&amp;ssl=1 1024w, https:\/\/i0.wp.com\/maratonesyviajes.com\/maratones\/wp-content\/uploads\/2019\/06\/mcm.jpg?resize=300%2C160&amp;ssl=1 300w, https:\/\/i0.wp.com\/maratonesyviajes.com\/maratones\/wp-content\/uploads\/2019\/06\/mcm.jpg?resize=768%2C409&amp;ssl=1 768w\" sizes=\"(max-width: 750px) 100vw, 750px\" \/><\/figure><div class=\"wp-block-media-text__content\">\n<h1 class=\"wp-block-heading\" style=\"font-size:27px\"><a href=\"https:\/\/maratonesyviajes.com\/maratones\/maraton\/maraton-marin-corps-marathon-2023-48-aniversario\/\">Marat\u00f3n de Washington 2023<\/a><\/h1>\n<\/div><\/div>\n\n\n\n<div class=\"wp-block-media-text alignwide has-media-on-the-right is-stacked-on-mobile\"><div class=\"wp-block-media-text__content\">\n<h1 class=\"wp-block-heading\" style=\"font-size:27px\"><a href=\"https:\/\/maratonesyviajes.com\/maratones\/the-great-wall-marathon\/\">Great Wall Marathon<\/a><\/h1>\n<\/div><figure class=\"wp-block-media-text__media\"><img data-recalc-dims=\"1\" decoding=\"async\" width=\"750\" height=\"500\" src=\"https:\/\/i0.wp.com\/maratonesyviajes.com\/maratones\/wp-content\/uploads\/2024\/12\/Great-Wall-Maraton.jpg?resize=750%2C500&#038;ssl=1\" alt=\"\" class=\"wp-image-1057 size-full\" srcset=\"https:\/\/i0.wp.com\/maratonesyviajes.com\/maratones\/wp-content\/uploads\/2024\/12\/Great-Wall-Maraton.jpg?resize=1024%2C682&amp;ssl=1 1024w, https:\/\/i0.wp.com\/maratonesyviajes.com\/maratones\/wp-content\/uploads\/2024\/12\/Great-Wall-Maraton.jpg?resize=300%2C200&amp;ssl=1 300w, https:\/\/i0.wp.com\/maratonesyviajes.com\/maratones\/wp-content\/uploads\/2024\/12\/Great-Wall-Maraton.jpg?resize=768%2C511&amp;ssl=1 768w, https:\/\/i0.wp.com\/maratonesyviajes.com\/maratones\/wp-content\/uploads\/2024\/12\/Great-Wall-Maraton.jpg?resize=1536%2C1023&amp;ssl=1 1536w, https:\/\/i0.wp.com\/maratonesyviajes.com\/maratones\/wp-content\/uploads\/2024\/12\/Great-Wall-Maraton.jpg?w=1616&amp;ssl=1 1616w\" sizes=\"(max-width: 750px) 100vw, 750px\" \/><\/figure><\/div>\n\n\n\n<p><\/p>\n\n\n\n<p><\/p>\n","protected":false},"excerpt":{"rendered":"<p>Marat\u00f3n de Par\u00eds 2023 Marat\u00f3n de Washington 2023 Great Wall Marathon<\/p>\n","protected":false},"author":1,"featured_media":0,"parent":0,"menu_order":0,"comment_status":"closed","ping_status":"closed","template":"","meta":{"footnotes":""},"class_list":["post-69","page","type-page","status-publish","hentry"],"yoast_head":"<!-- This site is optimized with the Yoast SEO plugin v27.4 - https:\/\/yoast.com\/product\/yoast-seo-wordpress\/ -->\n<title>Maratones principales - Maratones y viajes<\/title>\n<meta name=\"robots\" content=\"index, follow, max-snippet:-1, max-image-preview:large, max-video-preview:-1\" \/>\n<link rel=\"canonical\" href=\"https:\/\/maratonesyviajes.com\/maratones\/maratones-principales\/\" \/>\n<meta property=\"og:locale\" content=\"es_MX\" \/>\n<meta property=\"og:type\" content=\"article\" \/>\n<meta property=\"og:title\" content=\"Maratones principales - Maratones y viajes\" \/>\n<meta property=\"og:description\" content=\"Marat\u00f3n de Par\u00eds 2023 Marat\u00f3n de Washington 2023 Great Wall Marathon\" \/>\n<meta property=\"og:url\" content=\"https:\/\/maratonesyviajes.com\/maratones\/maratones-principales\/\" \/>\n<meta property=\"og:site_name\" content=\"Maratones y viajes\" \/>\n<meta property=\"article:modified_time\" content=\"2024-12-16T03:18:55+00:00\" \/>\n<meta property=\"og:image\" content=\"http:\/\/maratonesyviajes.com\/maratones\/wp-content\/uploads\/2019\/06\/paris-1-1024x448.jpg\" \/>\n<meta name=\"twitter:card\" content=\"summary_large_image\" \/>\n<meta name=\"twitter:label1\" content=\"Tiempo de lectura\" \/>\n\t<meta name=\"twitter:data1\" content=\"1 minuto\" \/>\n<script type=\"application\/ld+json\" class=\"yoast-schema-graph\">{\"@context\":\"https:\\\/\\\/schema.org\",\"@graph\":[{\"@type\":\"WebPage\",\"@id\":\"https:\\\/\\\/maratonesyviajes.com\\\/maratones\\\/maratones-principales\\\/\",\"url\":\"https:\\\/\\\/maratonesyviajes.com\\\/maratones\\\/maratones-principales\\\/\",\"name\":\"Maratones principales - Maratones y viajes\",\"isPartOf\":{\"@id\":\"https:\\\/\\\/maratonesyviajes.com\\\/maratones\\\/#website\"},\"primaryImageOfPage\":{\"@id\":\"https:\\\/\\\/maratonesyviajes.com\\\/maratones\\\/maratones-principales\\\/#primaryimage\"},\"image\":{\"@id\":\"https:\\\/\\\/maratonesyviajes.com\\\/maratones\\\/maratones-principales\\\/#primaryimage\"},\"thumbnailUrl\":\"http:\\\/\\\/maratonesyviajes.com\\\/maratones\\\/wp-content\\\/uploads\\\/2019\\\/06\\\/paris-1-1024x448.jpg\",\"datePublished\":\"2019-05-27T22:46:55+00:00\",\"dateModified\":\"2024-12-16T03:18:55+00:00\",\"breadcrumb\":{\"@id\":\"https:\\\/\\\/maratonesyviajes.com\\\/maratones\\\/maratones-principales\\\/#breadcrumb\"},\"inLanguage\":\"es\",\"potentialAction\":[{\"@type\":\"ReadAction\",\"target\":[\"https:\\\/\\\/maratonesyviajes.com\\\/maratones\\\/maratones-principales\\\/\"]}]},{\"@type\":\"ImageObject\",\"inLanguage\":\"es\",\"@id\":\"https:\\\/\\\/maratonesyviajes.com\\\/maratones\\\/maratones-principales\\\/#primaryimage\",\"url\":\"http:\\\/\\\/maratonesyviajes.com\\\/maratones\\\/wp-content\\\/uploads\\\/2019\\\/06\\\/paris-1-1024x448.jpg\",\"contentUrl\":\"http:\\\/\\\/maratonesyviajes.com\\\/maratones\\\/wp-content\\\/uploads\\\/2019\\\/06\\\/paris-1-1024x448.jpg\"},{\"@type\":\"BreadcrumbList\",\"@id\":\"https:\\\/\\\/maratonesyviajes.com\\\/maratones\\\/maratones-principales\\\/#breadcrumb\",\"itemListElement\":[{\"@type\":\"ListItem\",\"position\":1,\"name\":\"Inicio\",\"item\":\"https:\\\/\\\/maratonesyviajes.com\\\/maratones\\\/\"},{\"@type\":\"ListItem\",\"position\":2,\"name\":\"Maratones principales\"}]},{\"@type\":\"WebSite\",\"@id\":\"https:\\\/\\\/maratonesyviajes.com\\\/maratones\\\/#website\",\"url\":\"https:\\\/\\\/maratonesyviajes.com\\\/maratones\\\/\",\"name\":\"Maratones y viajes\",\"description\":\"Busca maratones e informate sobre paquetes turisticos\",\"potentialAction\":[{\"@type\":\"SearchAction\",\"target\":{\"@type\":\"EntryPoint\",\"urlTemplate\":\"https:\\\/\\\/maratonesyviajes.com\\\/maratones\\\/?s={search_term_string}\"},\"query-input\":{\"@type\":\"PropertyValueSpecification\",\"valueRequired\":true,\"valueName\":\"search_term_string\"}}],\"inLanguage\":\"es\"}]}<\/script>\n<!-- \/ Yoast SEO plugin. -->","yoast_head_json":{"title":"Maratones principales - Maratones y viajes","robots":{"index":"index","follow":"follow","max-snippet":"max-snippet:-1","max-image-preview":"max-image-preview:large","max-video-preview":"max-video-preview:-1"},"canonical":"https:\/\/maratonesyviajes.com\/maratones\/maratones-principales\/","og_locale":"es_MX","og_type":"article","og_title":"Maratones principales - Maratones y viajes","og_description":"Marat\u00f3n de Par\u00eds 2023 Marat\u00f3n de Washington 2023 Great Wall Marathon","og_url":"https:\/\/maratonesyviajes.com\/maratones\/maratones-principales\/","og_site_name":"Maratones y viajes","article_modified_time":"2024-12-16T03:18:55+00:00","og_image":[{"url":"http:\/\/maratonesyviajes.com\/maratones\/wp-content\/uploads\/2019\/06\/paris-1-1024x448.jpg","type":"","width":"","height":""}],"twitter_card":"summary_large_image","twitter_misc":{"Tiempo de lectura":"1 minuto"},"schema":{"@context":"https:\/\/schema.org","@graph":[{"@type":"WebPage","@id":"https:\/\/maratonesyviajes.com\/maratones\/maratones-principales\/","url":"https:\/\/maratonesyviajes.com\/maratones\/maratones-principales\/","name":"Maratones principales - Maratones y viajes","isPartOf":{"@id":"https:\/\/maratonesyviajes.com\/maratones\/#website"},"primaryImageOfPage":{"@id":"https:\/\/maratonesyviajes.com\/maratones\/maratones-principales\/#primaryimage"},"image":{"@id":"https:\/\/maratonesyviajes.com\/maratones\/maratones-principales\/#primaryimage"},"thumbnailUrl":"http:\/\/maratonesyviajes.com\/maratones\/wp-content\/uploads\/2019\/06\/paris-1-1024x448.jpg","datePublished":"2019-05-27T22:46:55+00:00","dateModified":"2024-12-16T03:18:55+00:00","breadcrumb":{"@id":"https:\/\/maratonesyviajes.com\/maratones\/maratones-principales\/#breadcrumb"},"inLanguage":"es","potentialAction":[{"@type":"ReadAction","target":["https:\/\/maratonesyviajes.com\/maratones\/maratones-principales\/"]}]},{"@type":"ImageObject","inLanguage":"es","@id":"https:\/\/maratonesyviajes.com\/maratones\/maratones-principales\/#primaryimage","url":"http:\/\/maratonesyviajes.com\/maratones\/wp-content\/uploads\/2019\/06\/paris-1-1024x448.jpg","contentUrl":"http:\/\/maratonesyviajes.com\/maratones\/wp-content\/uploads\/2019\/06\/paris-1-1024x448.jpg"},{"@type":"BreadcrumbList","@id":"https:\/\/maratonesyviajes.com\/maratones\/maratones-principales\/#breadcrumb","itemListElement":[{"@type":"ListItem","position":1,"name":"Inicio","item":"https:\/\/maratonesyviajes.com\/maratones\/"},{"@type":"ListItem","position":2,"name":"Maratones principales"}]},{"@type":"WebSite","@id":"https:\/\/maratonesyviajes.com\/maratones\/#website","url":"https:\/\/maratonesyviajes.com\/maratones\/","name":"Maratones y viajes","description":"Busca maratones e informate sobre paquetes turisticos","potentialAction":[{"@type":"SearchAction","target":{"@type":"EntryPoint","urlTemplate":"https:\/\/maratonesyviajes.com\/maratones\/?s={search_term_string}"},"query-input":{"@type":"PropertyValueSpecification","valueRequired":true,"valueName":"search_term_string"}}],"inLanguage":"es"}]}},"jetpack_sharing_enabled":true,"_links":{"self":[{"href":"https:\/\/maratonesyviajes.com\/maratones\/wp-json\/wp\/v2\/pages\/69","targetHints":{"allow":["GET"]}}],"collection":[{"href":"https:\/\/maratonesyviajes.com\/maratones\/wp-json\/wp\/v2\/pages"}],"about":[{"href":"https:\/\/maratonesyviajes.com\/maratones\/wp-json\/wp\/v2\/types\/page"}],"author":[{"embeddable":true,"href":"https:\/\/maratonesyviajes.com\/maratones\/wp-json\/wp\/v2\/users\/1"}],"replies":[{"embeddable":true,"href":"https:\/\/maratonesyviajes.com\/maratones\/wp-json\/wp\/v2\/comments?post=69"}],"version-history":[{"count":13,"href":"https:\/\/maratonesyviajes.com\/maratones\/wp-json\/wp\/v2\/pages\/69\/revisions"}],"predecessor-version":[{"id":1058,"href":"https:\/\/maratonesyviajes.com\/maratones\/wp-json\/wp\/v2\/pages\/69\/revisions\/1058"}],"wp:attachment":[{"href":"https:\/\/maratonesyviajes.com\/maratones\/wp-json\/wp\/v2\/media?parent=69"}],"curies":[{"name":"wp","href":"https:\/\/api.w.org\/{rel}","templated":true}]}}