{"id":38,"date":"2019-05-27T22:12:13","date_gmt":"2019-05-27T22:12:13","guid":{"rendered":"https:\/\/maratonesyviajes.com\/viajes\/?page_id=38"},"modified":"2026-04-09T00:45:37","modified_gmt":"2026-04-09T06:45:37","slug":"maratones-y-viajes","status":"publish","type":"page","link":"https:\/\/maratonesyviajes.com\/viajes\/","title":{"rendered":"Pagina de Inicio"},"content":{"rendered":"\n<h3 class=\"wp-block-heading\"><em>Galer\u00eda<\/em><\/h3>\n\n\n\n<p>\nCompartir grandes experiencias con nuestros corredores, que adem\u00e1s \ncubran sus necesidades y expectativas, \n                    apoy\u00e1ndolos para que logren sus objetivos \ndeportivos\/personales, garantizando: calidad, oportunidad y \nprofesionalismo.<\/p>\n\n\n\n<p>\n                    Somos una agencia con una amplia experiencia en este\n ramo; nosotros nos encargamos de tu viaje y t\u00fa de entrenar.\n                    \n\n<\/p>\n\n\n\n<p>\nEl \u00e9xito no es un accidente, es resultado del trabajo duro, la <strong>perseverancia<\/strong>, el aprendizaje, el sacrificio \n                        y m\u00e1s que nada, <strong>amor<\/strong> a lo que est\u00e1s haciendo o <strong>aprendiendo<\/strong> a hacer\n                         \n\t\t\t\t\t\n\n<\/p>\n","protected":false},"excerpt":{"rendered":"<p>Galer\u00eda Compartir grandes experiencias con nuestros corredores, que adem\u00e1s cubran sus necesidades y expectativas, apoy\u00e1ndolos para que logren sus objetivos deportivos\/personales, garantizando: calidad, oportunidad y profesionalismo. Somos una agencia con una amplia experiencia en este ramo; nosotros nos encargamos de tu viaje y t\u00fa de entrenar. El \u00e9xito no es un accidente, es resultado del [&hellip;]<\/p>\n","protected":false},"author":1,"featured_media":0,"parent":0,"menu_order":0,"comment_status":"closed","ping_status":"closed","template":"page-templates\/template-home.php","meta":{"footnotes":""},"class_list":["post-38","page","type-page","status-publish","hentry"],"yoast_head":"<!-- This site is optimized with the Yoast SEO plugin v27.5 - https:\/\/yoast.com\/product\/yoast-seo-wordpress\/ -->\n<title>Pagina de Inicio - Maratones y viajes<\/title>\n<meta name=\"description\" content=\"Maratones y Viajes es una agencia de viajes especializada en maratones, pero ofrecemos paquetes tur\u00edsticos para todo tipo de viajes. Desde maratones internacionales hasta vacaciones de lujo, tenemos todo lo que necesitas para tu pr\u00f3xima aventura. \u00a1Viajamos contigo, ya sea corriendo o relaj\u00e1ndote!\" \/>\n<meta name=\"robots\" content=\"index, follow, max-snippet:-1, max-image-preview:large, max-video-preview:-1\" \/>\n<link rel=\"canonical\" href=\"https:\/\/maratonesyviajes.com\/viajes\/\" \/>\n<meta property=\"og:locale\" content=\"es_MX\" \/>\n<meta property=\"og:type\" content=\"article\" \/>\n<meta property=\"og:title\" content=\"Pagina de Inicio - Maratones y viajes\" \/>\n<meta property=\"og:description\" content=\"Maratones y Viajes es una agencia de viajes especializada en maratones, pero ofrecemos paquetes tur\u00edsticos para todo tipo de viajes. Desde maratones internacionales hasta vacaciones de lujo, tenemos todo lo que necesitas para tu pr\u00f3xima aventura. \u00a1Viajamos contigo, ya sea corriendo o relaj\u00e1ndote!\" \/>\n<meta property=\"og:url\" content=\"https:\/\/maratonesyviajes.com\/viajes\/\" \/>\n<meta property=\"og:site_name\" content=\"Maratones y viajes\" \/>\n<meta property=\"article:modified_time\" content=\"2026-04-09T06:45:37+00:00\" \/>\n<meta name=\"twitter:card\" content=\"summary_large_image\" \/>\n<meta name=\"twitter:label1\" content=\"Tiempo de lectura\" \/>\n\t<meta name=\"twitter:data1\" content=\"1 minuto\" \/>\n<script type=\"application\/ld+json\" class=\"yoast-schema-graph\">{\"@context\":\"https:\\\/\\\/schema.org\",\"@graph\":[{\"@type\":\"WebPage\",\"@id\":\"https:\\\/\\\/maratonesyviajes.com\\\/viajes\\\/\",\"url\":\"https:\\\/\\\/maratonesyviajes.com\\\/viajes\\\/\",\"name\":\"Pagina de Inicio - Maratones y viajes\",\"isPartOf\":{\"@id\":\"https:\\\/\\\/maratonesyviajes.com\\\/viajes\\\/#website\"},\"datePublished\":\"2019-05-27T22:12:13+00:00\",\"dateModified\":\"2026-04-09T06:45:37+00:00\",\"description\":\"Maratones y Viajes es una agencia de viajes especializada en maratones, pero ofrecemos paquetes tur\u00edsticos para todo tipo de viajes. Desde maratones internacionales hasta vacaciones de lujo, tenemos todo lo que necesitas para tu pr\u00f3xima aventura. \u00a1Viajamos contigo, ya sea corriendo o relaj\u00e1ndote!\",\"breadcrumb\":{\"@id\":\"https:\\\/\\\/maratonesyviajes.com\\\/viajes\\\/#breadcrumb\"},\"inLanguage\":\"es\",\"potentialAction\":[{\"@type\":\"ReadAction\",\"target\":[\"https:\\\/\\\/maratonesyviajes.com\\\/viajes\\\/\"]}]},{\"@type\":\"BreadcrumbList\",\"@id\":\"https:\\\/\\\/maratonesyviajes.com\\\/viajes\\\/#breadcrumb\",\"itemListElement\":[{\"@type\":\"ListItem\",\"position\":1,\"name\":\"Inicio\",\"item\":\"https:\\\/\\\/maratonesyviajes.com\\\/viajes\\\/\"},{\"@type\":\"ListItem\",\"position\":2,\"name\":\"Pagina de Inicio\"}]},{\"@type\":\"WebSite\",\"@id\":\"https:\\\/\\\/maratonesyviajes.com\\\/viajes\\\/#website\",\"url\":\"https:\\\/\\\/maratonesyviajes.com\\\/viajes\\\/\",\"name\":\"Maratones y viajes\",\"description\":\"\",\"potentialAction\":[{\"@type\":\"SearchAction\",\"target\":{\"@type\":\"EntryPoint\",\"urlTemplate\":\"https:\\\/\\\/maratonesyviajes.com\\\/viajes\\\/?s={search_term_string}\"},\"query-input\":{\"@type\":\"PropertyValueSpecification\",\"valueRequired\":true,\"valueName\":\"search_term_string\"}}],\"inLanguage\":\"es\"}]}<\/script>\n<!-- \/ Yoast SEO plugin. -->","yoast_head_json":{"title":"Pagina de Inicio - Maratones y viajes","description":"Maratones y Viajes es una agencia de viajes especializada en maratones, pero ofrecemos paquetes tur\u00edsticos para todo tipo de viajes. Desde maratones internacionales hasta vacaciones de lujo, tenemos todo lo que necesitas para tu pr\u00f3xima aventura. \u00a1Viajamos contigo, ya sea corriendo o relaj\u00e1ndote!","robots":{"index":"index","follow":"follow","max-snippet":"max-snippet:-1","max-image-preview":"max-image-preview:large","max-video-preview":"max-video-preview:-1"},"canonical":"https:\/\/maratonesyviajes.com\/viajes\/","og_locale":"es_MX","og_type":"article","og_title":"Pagina de Inicio - Maratones y viajes","og_description":"Maratones y Viajes es una agencia de viajes especializada en maratones, pero ofrecemos paquetes tur\u00edsticos para todo tipo de viajes. Desde maratones internacionales hasta vacaciones de lujo, tenemos todo lo que necesitas para tu pr\u00f3xima aventura. \u00a1Viajamos contigo, ya sea corriendo o relaj\u00e1ndote!","og_url":"https:\/\/maratonesyviajes.com\/viajes\/","og_site_name":"Maratones y viajes","article_modified_time":"2026-04-09T06:45:37+00:00","twitter_card":"summary_large_image","twitter_misc":{"Tiempo de lectura":"1 minuto"},"schema":{"@context":"https:\/\/schema.org","@graph":[{"@type":"WebPage","@id":"https:\/\/maratonesyviajes.com\/viajes\/","url":"https:\/\/maratonesyviajes.com\/viajes\/","name":"Pagina de Inicio - Maratones y viajes","isPartOf":{"@id":"https:\/\/maratonesyviajes.com\/viajes\/#website"},"datePublished":"2019-05-27T22:12:13+00:00","dateModified":"2026-04-09T06:45:37+00:00","description":"Maratones y Viajes es una agencia de viajes especializada en maratones, pero ofrecemos paquetes tur\u00edsticos para todo tipo de viajes. Desde maratones internacionales hasta vacaciones de lujo, tenemos todo lo que necesitas para tu pr\u00f3xima aventura. \u00a1Viajamos contigo, ya sea corriendo o relaj\u00e1ndote!","breadcrumb":{"@id":"https:\/\/maratonesyviajes.com\/viajes\/#breadcrumb"},"inLanguage":"es","potentialAction":[{"@type":"ReadAction","target":["https:\/\/maratonesyviajes.com\/viajes\/"]}]},{"@type":"BreadcrumbList","@id":"https:\/\/maratonesyviajes.com\/viajes\/#breadcrumb","itemListElement":[{"@type":"ListItem","position":1,"name":"Inicio","item":"https:\/\/maratonesyviajes.com\/viajes\/"},{"@type":"ListItem","position":2,"name":"Pagina de Inicio"}]},{"@type":"WebSite","@id":"https:\/\/maratonesyviajes.com\/viajes\/#website","url":"https:\/\/maratonesyviajes.com\/viajes\/","name":"Maratones y viajes","description":"","potentialAction":[{"@type":"SearchAction","target":{"@type":"EntryPoint","urlTemplate":"https:\/\/maratonesyviajes.com\/viajes\/?s={search_term_string}"},"query-input":{"@type":"PropertyValueSpecification","valueRequired":true,"valueName":"search_term_string"}}],"inLanguage":"es"}]}},"jetpack_sharing_enabled":true,"_links":{"self":[{"href":"https:\/\/maratonesyviajes.com\/viajes\/wp-json\/wp\/v2\/pages\/38","targetHints":{"allow":["GET"]}}],"collection":[{"href":"https:\/\/maratonesyviajes.com\/viajes\/wp-json\/wp\/v2\/pages"}],"about":[{"href":"https:\/\/maratonesyviajes.com\/viajes\/wp-json\/wp\/v2\/types\/page"}],"author":[{"embeddable":true,"href":"https:\/\/maratonesyviajes.com\/viajes\/wp-json\/wp\/v2\/users\/1"}],"replies":[{"embeddable":true,"href":"https:\/\/maratonesyviajes.com\/viajes\/wp-json\/wp\/v2\/comments?post=38"}],"version-history":[{"count":1,"href":"https:\/\/maratonesyviajes.com\/viajes\/wp-json\/wp\/v2\/pages\/38\/revisions"}],"predecessor-version":[{"id":1094,"href":"https:\/\/maratonesyviajes.com\/viajes\/wp-json\/wp\/v2\/pages\/38\/revisions\/1094"}],"wp:attachment":[{"href":"https:\/\/maratonesyviajes.com\/viajes\/wp-json\/wp\/v2\/media?parent=38"}],"curies":[{"name":"wp","href":"https:\/\/api.w.org\/{rel}","templated":true}]}}